{"id":13,"date":"2026-05-08T17:50:24","date_gmt":"2026-05-08T15:50:24","guid":{"rendered":"https:\/\/boutique.grandiravecmixi.fr\/?page_id=13"},"modified":"2026-05-08T20:15:09","modified_gmt":"2026-05-08T18:15:09","slug":"miamix","status":"publish","type":"page","link":"https:\/\/boutique.grandiravecmixi.fr\/","title":{"rendered":"miamix"},"content":{"rendered":"\t\t<div data-elementor-type=\"wp-page\" data-elementor-id=\"13\" class=\"elementor elementor-13\">\n\t\t\t\t<div class=\"elementor-element elementor-element-21906e6 e-con-full e-flex e-con e-parent\" data-id=\"21906e6\" data-element_type=\"container\" data-e-type=\"container\" data-settings=\"{&quot;background_background&quot;:&quot;classic&quot;}\">\n\t\t\t\t<div class=\"elementor-element elementor-element-aa24559 elementor-position-inline-start elementor-view-default elementor-mobile-position-block-start elementor-widget elementor-widget-icon-box\" data-id=\"aa24559\" data-element_type=\"widget\" data-e-type=\"widget\" data-widget_type=\"icon-box.default\">\n\t\t\t\t\t\t\t<div class=\"elementor-icon-box-wrapper\">\n\n\t\t\t\t\t\t<div class=\"elementor-icon-box-icon\">\n\t\t\t\t<span  class=\"elementor-icon\">\n\t\t\t\t<svg aria-hidden=\"true\" class=\"e-font-icon-svg e-fas-star\" viewBox=\"0 0 576 512\" xmlns=\"http:\/\/www.w3.org\/2000\/svg\"><path d=\"M259.3 17.8L194 150.2 47.9 171.5c-26.2 3.8-36.7 36.1-17.7 54.6l105.7 103-25 145.5c-4.5 26.3 23.2 46 46.4 33.7L288 439.6l130.7 68.7c23.2 12.2 50.9-7.4 46.4-33.7l-25-145.5 105.7-103c19-18.5 8.5-50.8-17.7-54.6L382 150.2 316.7 17.8c-11.7-23.6-45.6-23.9-57.4 0z\"><\/path><\/svg>\t\t\t\t<\/span>\n\t\t\t<\/div>\n\t\t\t\n\t\t\t\t\t\t<div class=\"elementor-icon-box-content\">\n\n\t\t\t\t\t\t\t\t\t<h3 class=\"elementor-icon-box-title\">\n\t\t\t\t\t\t<span  >\n\t\t\t\t\t\t\tAPPRENDRE EN JOUANT,grandir en s'amusant !\t\t\t\t\t\t<\/span>\n\t\t\t\t\t<\/h3>\n\t\t\t\t\n\t\t\t\t\n\t\t\t<\/div>\n\t\t\t\n\t\t<\/div>\n\t\t\t\t\t\t<\/div>\n\t\t\t\t<div class=\"elementor-element elementor-element-c1cc85d elementor-position-inline-start elementor-view-default elementor-mobile-position-block-start elementor-widget elementor-widget-icon-box\" data-id=\"c1cc85d\" data-element_type=\"widget\" data-e-type=\"widget\" data-widget_type=\"icon-box.default\">\n\t\t\t\t\t\t\t<div class=\"elementor-icon-box-wrapper\">\n\n\t\t\t\t\t\t<div class=\"elementor-icon-box-icon\">\n\t\t\t\t<span  class=\"elementor-icon\">\n\t\t\t\t<svg aria-hidden=\"true\" class=\"e-font-icon-svg e-fas-star\" viewBox=\"0 0 576 512\" xmlns=\"http:\/\/www.w3.org\/2000\/svg\"><path d=\"M259.3 17.8L194 150.2 47.9 171.5c-26.2 3.8-36.7 36.1-17.7 54.6l105.7 103-25 145.5c-4.5 26.3 23.2 46 46.4 33.7L288 439.6l130.7 68.7c23.2 12.2 50.9-7.4 46.4-33.7l-25-145.5 105.7-103c19-18.5 8.5-50.8-17.7-54.6L382 150.2 316.7 17.8c-11.7-23.6-45.6-23.9-57.4 0z\"><\/path><\/svg>\t\t\t\t<\/span>\n\t\t\t<\/div>\n\t\t\t\n\t\t\t\t\t\t<div class=\"elementor-icon-box-content\">\n\n\t\t\t\t\t\t\t\t\t<h3 class=\"elementor-icon-box-title\">\n\t\t\t\t\t\t<span  >\n\t\t\t\t\t\t\tAPPRENDRE EN JOUANT,grandir en s'amusant !\t\t\t\t\t\t<\/span>\n\t\t\t\t\t<\/h3>\n\t\t\t\t\n\t\t\t\t\n\t\t\t<\/div>\n\t\t\t\n\t\t<\/div>\n\t\t\t\t\t\t<\/div>\n\t\t\t\t<div class=\"elementor-element elementor-element-80bbc6e elementor-position-inline-start elementor-view-default elementor-mobile-position-block-start elementor-widget elementor-widget-icon-box\" data-id=\"80bbc6e\" data-element_type=\"widget\" data-e-type=\"widget\" data-widget_type=\"icon-box.default\">\n\t\t\t\t\t\t\t<div class=\"elementor-icon-box-wrapper\">\n\n\t\t\t\t\t\t<div class=\"elementor-icon-box-icon\">\n\t\t\t\t<span  class=\"elementor-icon\">\n\t\t\t\t<svg aria-hidden=\"true\" class=\"e-font-icon-svg e-fas-star\" viewBox=\"0 0 576 512\" xmlns=\"http:\/\/www.w3.org\/2000\/svg\"><path d=\"M259.3 17.8L194 150.2 47.9 171.5c-26.2 3.8-36.7 36.1-17.7 54.6l105.7 103-25 145.5c-4.5 26.3 23.2 46 46.4 33.7L288 439.6l130.7 68.7c23.2 12.2 50.9-7.4 46.4-33.7l-25-145.5 105.7-103c19-18.5 8.5-50.8-17.7-54.6L382 150.2 316.7 17.8c-11.7-23.6-45.6-23.9-57.4 0z\"><\/path><\/svg>\t\t\t\t<\/span>\n\t\t\t<\/div>\n\t\t\t\n\t\t\t\t\t\t<div class=\"elementor-icon-box-content\">\n\n\t\t\t\t\t\t\t\t\t<h3 class=\"elementor-icon-box-title\">\n\t\t\t\t\t\t<span  >\n\t\t\t\t\t\t\tAPPRENDRE EN JOUANT,grandir en s'amusant !\t\t\t\t\t\t<\/span>\n\t\t\t\t\t<\/h3>\n\t\t\t\t\n\t\t\t\t\n\t\t\t<\/div>\n\t\t\t\n\t\t<\/div>\n\t\t\t\t\t\t<\/div>\n\t\t\t\t<\/div>\n\t\t<div class=\"elementor-element elementor-element-525a877 e-con-full e-flex e-con e-parent\" data-id=\"525a877\" data-element_type=\"container\" data-e-type=\"container\" data-settings=\"{&quot;background_background&quot;:&quot;classic&quot;}\">\n\t\t<div class=\"elementor-element elementor-element-2684f1f e-flex e-con-boxed e-con e-child\" data-id=\"2684f1f\" data-element_type=\"container\" data-e-type=\"container\">\n\t\t\t\t\t<div class=\"e-con-inner\">\n\t\t<div class=\"elementor-element elementor-element-db5693c e-con-full e-flex e-con e-child\" data-id=\"db5693c\" data-element_type=\"container\" data-e-type=\"container\">\n\t\t\t\t<div class=\"elementor-element elementor-element-2001878 elementor-widget elementor-widget-image\" data-id=\"2001878\" data-element_type=\"widget\" data-e-type=\"widget\" data-widget_type=\"image.default\">\n\t\t\t\t\t\t\t\t\t\t\t\t\t\t\t<img fetchpriority=\"high\" decoding=\"async\" width=\"724\" height=\"1024\" src=\"https:\/\/boutique.grandiravecmixi.fr\/wp-content\/uploads\/2026\/05\/Image-site-web-mixi-1-724x1024.png\" class=\"attachment-large size-large wp-image-38\" alt=\"boite jeu miamix\" srcset=\"https:\/\/boutique.grandiravecmixi.fr\/wp-content\/uploads\/2026\/05\/Image-site-web-mixi-1-724x1024.png 724w, https:\/\/boutique.grandiravecmixi.fr\/wp-content\/uploads\/2026\/05\/Image-site-web-mixi-1-212x300.png 212w, https:\/\/boutique.grandiravecmixi.fr\/wp-content\/uploads\/2026\/05\/Image-site-web-mixi-1-768x1086.png 768w, https:\/\/boutique.grandiravecmixi.fr\/wp-content\/uploads\/2026\/05\/Image-site-web-mixi-1-1086x1536.png 1086w, https:\/\/boutique.grandiravecmixi.fr\/wp-content\/uploads\/2026\/05\/Image-site-web-mixi-1.png 1414w\" sizes=\"(max-width: 724px) 100vw, 724px\" \/>\t\t\t\t\t\t\t\t\t\t\t\t\t\t\t<\/div>\n\t\t\t\t<\/div>\n\t\t<div class=\"elementor-element elementor-element-0c1cd08 e-con-full e-flex e-con e-child\" data-id=\"0c1cd08\" data-element_type=\"container\" data-e-type=\"container\">\n\t\t\t\t<div class=\"elementor-element elementor-element-0f011dd elementor-widget__width-initial elementor-widget elementor-widget-image\" data-id=\"0f011dd\" data-element_type=\"widget\" data-e-type=\"widget\" data-widget_type=\"image.default\">\n\t\t\t\t\t\t\t\t\t\t\t\t\t\t\t<img decoding=\"async\" width=\"1024\" height=\"724\" src=\"https:\/\/boutique.grandiravecmixi.fr\/wp-content\/uploads\/2026\/05\/titre-et-mixi-1024x724.png\" class=\"attachment-large size-large wp-image-100\" alt=\"titre et mixi\" srcset=\"https:\/\/boutique.grandiravecmixi.fr\/wp-content\/uploads\/2026\/05\/titre-et-mixi-1024x724.png 1024w, https:\/\/boutique.grandiravecmixi.fr\/wp-content\/uploads\/2026\/05\/titre-et-mixi-300x212.png 300w, https:\/\/boutique.grandiravecmixi.fr\/wp-content\/uploads\/2026\/05\/titre-et-mixi-768x543.png 768w, https:\/\/boutique.grandiravecmixi.fr\/wp-content\/uploads\/2026\/05\/titre-et-mixi-1536x1086.png 1536w, https:\/\/boutique.grandiravecmixi.fr\/wp-content\/uploads\/2026\/05\/titre-et-mixi.png 2000w\" sizes=\"(max-width: 1024px) 100vw, 1024px\" \/>\t\t\t\t\t\t\t\t\t\t\t\t\t\t\t<\/div>\n\t\t<div class=\"elementor-element elementor-element-80ca08c e-con-full e-flex e-con e-child\" data-id=\"80ca08c\" data-element_type=\"container\" data-e-type=\"container\" data-settings=\"{&quot;background_background&quot;:&quot;classic&quot;}\">\n\t\t\t\t<div class=\"elementor-element elementor-element-ae28146 elementor-widget elementor-widget-heading\" data-id=\"ae28146\" data-element_type=\"widget\" data-e-type=\"widget\" data-widget_type=\"heading.default\">\n\t\t\t\t\t<h2 class=\"elementor-heading-title elementor-size-default\">- MiAMiX - <br>Le jeu de cartes \u00e9ducatif pour apprendre l\u2019\u00e9quilibre alimentaire en famille<\/h2>\t\t\t\t<\/div>\n\t\t\t\t<div class=\"elementor-element elementor-element-c71f356 elementor-align-center elementor-widget elementor-widget-button\" data-id=\"c71f356\" data-element_type=\"widget\" data-e-type=\"widget\" data-widget_type=\"button.default\">\n\t\t\t\t\t\t\t\t\t\t<a class=\"elementor-button elementor-button-link elementor-size-sm\" href=\"#\">\n\t\t\t\t\t\t<span class=\"elementor-button-content-wrapper\">\n\t\t\t\t\t\t\t\t\t<span class=\"elementor-button-text\">JE PR\u00c9COMMANDE MiAMiX<\/span>\n\t\t\t\t\t<\/span>\n\t\t\t\t\t<\/a>\n\t\t\t\t\t\t\t\t<\/div>\n\t\t\t\t<\/div>\n\t\t\t\t<\/div>\n\t\t\t\t\t<\/div>\n\t\t\t\t<\/div>\n\t\t\t\t<div class=\"elementor-element elementor-element-856cd82 elementor-widget elementor-widget-spacer\" data-id=\"856cd82\" data-element_type=\"widget\" data-e-type=\"widget\" data-widget_type=\"spacer.default\">\n\t\t\t\t\t\t\t<div class=\"elementor-spacer\">\n\t\t\t<div class=\"elementor-spacer-inner\"><\/div>\n\t\t<\/div>\n\t\t\t\t\t\t<\/div>\n\t\t<div class=\"elementor-element elementor-element-2071956 e-flex e-con-boxed e-con e-child\" data-id=\"2071956\" data-element_type=\"container\" data-e-type=\"container\">\n\t\t\t\t\t<div class=\"e-con-inner\">\n\t\t<div class=\"elementor-element elementor-element-0b36e99 e-con-full e-flex e-con e-child\" data-id=\"0b36e99\" data-element_type=\"container\" data-e-type=\"container\">\n\t\t\t\t<div class=\"elementor-element elementor-element-3a59c2e elementor-position-left elementor-vertical-align-middle elementor-widget elementor-widget-image-box\" data-id=\"3a59c2e\" data-element_type=\"widget\" data-e-type=\"widget\" data-widget_type=\"image-box.default\">\n\t\t\t\t\t<div class=\"elementor-image-box-wrapper\"><figure class=\"elementor-image-box-img\"><img decoding=\"async\" width=\"1254\" height=\"1254\" src=\"https:\/\/boutique.grandiravecmixi.fr\/wp-content\/uploads\/2026\/05\/3.png\" class=\"attachment-full size-full wp-image-63\" alt=\"ecole\" srcset=\"https:\/\/boutique.grandiravecmixi.fr\/wp-content\/uploads\/2026\/05\/3.png 1254w, https:\/\/boutique.grandiravecmixi.fr\/wp-content\/uploads\/2026\/05\/3-300x300.png 300w, https:\/\/boutique.grandiravecmixi.fr\/wp-content\/uploads\/2026\/05\/3-1024x1024.png 1024w, https:\/\/boutique.grandiravecmixi.fr\/wp-content\/uploads\/2026\/05\/3-150x150.png 150w, https:\/\/boutique.grandiravecmixi.fr\/wp-content\/uploads\/2026\/05\/3-768x768.png 768w\" sizes=\"(max-width: 1254px) 100vw, 1254px\" \/><\/figure><div class=\"elementor-image-box-content\"><h3 class=\"elementor-image-box-title\">\u00e9ducatif<\/h3><p class=\"elementor-image-box-description\">Apprendre l'\u00e9quilibre alimentaire.<\/p><\/div><\/div>\t\t\t\t<\/div>\n\t\t\t\t<\/div>\n\t\t<div class=\"elementor-element elementor-element-b9417f3 e-con-full e-flex e-con e-child\" data-id=\"b9417f3\" data-element_type=\"container\" data-e-type=\"container\">\n\t\t\t\t<div class=\"elementor-element elementor-element-321e590 elementor-position-left elementor-vertical-align-middle elementor-widget elementor-widget-image-box\" data-id=\"321e590\" data-element_type=\"widget\" data-e-type=\"widget\" data-widget_type=\"image-box.default\">\n\t\t\t\t\t<div class=\"elementor-image-box-wrapper\"><figure class=\"elementor-image-box-img\"><img loading=\"lazy\" decoding=\"async\" width=\"1254\" height=\"1254\" src=\"https:\/\/boutique.grandiravecmixi.fr\/wp-content\/uploads\/2026\/05\/4.png\" class=\"attachment-full size-full wp-image-64\" alt=\"fun\" srcset=\"https:\/\/boutique.grandiravecmixi.fr\/wp-content\/uploads\/2026\/05\/4.png 1254w, https:\/\/boutique.grandiravecmixi.fr\/wp-content\/uploads\/2026\/05\/4-300x300.png 300w, https:\/\/boutique.grandiravecmixi.fr\/wp-content\/uploads\/2026\/05\/4-1024x1024.png 1024w, https:\/\/boutique.grandiravecmixi.fr\/wp-content\/uploads\/2026\/05\/4-150x150.png 150w, https:\/\/boutique.grandiravecmixi.fr\/wp-content\/uploads\/2026\/05\/4-768x768.png 768w\" sizes=\"(max-width: 1254px) 100vw, 1254px\" \/><\/figure><div class=\"elementor-image-box-content\"><h3 class=\"elementor-image-box-title\">fun<\/h3><p class=\"elementor-image-box-description\">Des parties rapides <br> et pleines de surprises<\/p><\/div><\/div>\t\t\t\t<\/div>\n\t\t\t\t<\/div>\n\t\t<div class=\"elementor-element elementor-element-629c5ee e-con-full e-flex e-con e-child\" data-id=\"629c5ee\" data-element_type=\"container\" data-e-type=\"container\">\n\t\t\t\t<div class=\"elementor-element elementor-element-07c9399 elementor-position-left elementor-vertical-align-middle elementor-widget elementor-widget-image-box\" data-id=\"07c9399\" data-element_type=\"widget\" data-e-type=\"widget\" data-widget_type=\"image-box.default\">\n\t\t\t\t\t<div class=\"elementor-image-box-wrapper\"><figure class=\"elementor-image-box-img\"><img loading=\"lazy\" decoding=\"async\" width=\"1254\" height=\"1254\" src=\"https:\/\/boutique.grandiravecmixi.fr\/wp-content\/uploads\/2026\/05\/5.png\" class=\"attachment-full size-full wp-image-65\" alt=\"utilisateurs\" srcset=\"https:\/\/boutique.grandiravecmixi.fr\/wp-content\/uploads\/2026\/05\/5.png 1254w, https:\/\/boutique.grandiravecmixi.fr\/wp-content\/uploads\/2026\/05\/5-300x300.png 300w, https:\/\/boutique.grandiravecmixi.fr\/wp-content\/uploads\/2026\/05\/5-1024x1024.png 1024w, https:\/\/boutique.grandiravecmixi.fr\/wp-content\/uploads\/2026\/05\/5-150x150.png 150w, https:\/\/boutique.grandiravecmixi.fr\/wp-content\/uploads\/2026\/05\/5-768x768.png 768w\" sizes=\"(max-width: 1254px) 100vw, 1254px\" \/><\/figure><div class=\"elementor-image-box-content\"><h3 class=\"elementor-image-box-title\">familial<\/h3><p class=\"elementor-image-box-description\">De 2 \u00e0 6 joueurs <br>\n\u00e0 partir de 5 ans<\/p><\/div><\/div>\t\t\t\t<\/div>\n\t\t\t\t<\/div>\n\t\t<div class=\"elementor-element elementor-element-57d2c80 e-con-full e-flex e-con e-child\" data-id=\"57d2c80\" data-element_type=\"container\" data-e-type=\"container\">\n\t\t\t\t<div class=\"elementor-element elementor-element-d43b09f elementor-position-left elementor-vertical-align-middle elementor-widget elementor-widget-image-box\" data-id=\"d43b09f\" data-element_type=\"widget\" data-e-type=\"widget\" data-widget_type=\"image-box.default\">\n\t\t\t\t\t<div class=\"elementor-image-box-wrapper\"><figure class=\"elementor-image-box-img\"><img loading=\"lazy\" decoding=\"async\" width=\"1254\" height=\"1254\" src=\"https:\/\/boutique.grandiravecmixi.fr\/wp-content\/uploads\/2026\/05\/6.png\" class=\"attachment-full size-full wp-image-61\" alt=\"eclair\" srcset=\"https:\/\/boutique.grandiravecmixi.fr\/wp-content\/uploads\/2026\/05\/6.png 1254w, https:\/\/boutique.grandiravecmixi.fr\/wp-content\/uploads\/2026\/05\/6-300x300.png 300w, https:\/\/boutique.grandiravecmixi.fr\/wp-content\/uploads\/2026\/05\/6-1024x1024.png 1024w, https:\/\/boutique.grandiravecmixi.fr\/wp-content\/uploads\/2026\/05\/6-150x150.png 150w, https:\/\/boutique.grandiravecmixi.fr\/wp-content\/uploads\/2026\/05\/6-768x768.png 768w\" sizes=\"(max-width: 1254px) 100vw, 1254px\" \/><\/figure><div class=\"elementor-image-box-content\"><h3 class=\"elementor-image-box-title\">Rapide<\/h3><p class=\"elementor-image-box-description\">5 \u00e0 15 minutes <br> la partie<\/p><\/div><\/div>\t\t\t\t<\/div>\n\t\t\t\t<\/div>\n\t\t<div class=\"elementor-element elementor-element-dd548fc e-con-full e-flex e-con e-child\" data-id=\"dd548fc\" data-element_type=\"container\" data-e-type=\"container\">\n\t\t\t\t<div class=\"elementor-element elementor-element-174bd2e elementor-position-left elementor-vertical-align-middle elementor-widget elementor-widget-image-box\" data-id=\"174bd2e\" data-element_type=\"widget\" data-e-type=\"widget\" data-widget_type=\"image-box.default\">\n\t\t\t\t\t<div class=\"elementor-image-box-wrapper\"><figure class=\"elementor-image-box-img\"><img loading=\"lazy\" decoding=\"async\" width=\"1254\" height=\"1254\" src=\"https:\/\/boutique.grandiravecmixi.fr\/wp-content\/uploads\/2026\/05\/7.png\" class=\"attachment-full size-full wp-image-62\" alt=\"france\" srcset=\"https:\/\/boutique.grandiravecmixi.fr\/wp-content\/uploads\/2026\/05\/7.png 1254w, https:\/\/boutique.grandiravecmixi.fr\/wp-content\/uploads\/2026\/05\/7-300x300.png 300w, https:\/\/boutique.grandiravecmixi.fr\/wp-content\/uploads\/2026\/05\/7-1024x1024.png 1024w, https:\/\/boutique.grandiravecmixi.fr\/wp-content\/uploads\/2026\/05\/7-150x150.png 150w, https:\/\/boutique.grandiravecmixi.fr\/wp-content\/uploads\/2026\/05\/7-768x768.png 768w\" sizes=\"(max-width: 1254px) 100vw, 1254px\" \/><\/figure><div class=\"elementor-image-box-content\"><h3 class=\"elementor-image-box-title\">Qualit\u00e9<\/h3><p class=\"elementor-image-box-description\">Fabriqu\u00e9 en France <br> avec soin<\/p><\/div><\/div>\t\t\t\t<\/div>\n\t\t\t\t<\/div>\n\t\t\t\t\t<\/div>\n\t\t\t\t<\/div>\n\t\t\t\t<\/div>\n\t\t\t\t<\/div>\n\t\t","protected":false},"excerpt":{"rendered":"<p>APPRENDRE EN JOUANT,grandir en s&rsquo;amusant ! APPRENDRE EN JOUANT,grandir en s&rsquo;amusant ! APPRENDRE EN JOUANT,grandir en s&rsquo;amusant ! &#8211; MiAMiX &#8211; Le jeu de cartes \u00e9ducatif pour apprendre l\u2019\u00e9quilibre alimentaire en famille JE PR\u00c9COMMANDE MiAMiX \u00e9ducatif Apprendre l&rsquo;\u00e9quilibre alimentaire. fun Des parties rapides et pleines de surprises familial De 2 \u00e0 6 joueurs \u00e0 partir&#8230;<\/p>\n","protected":false},"author":1,"featured_media":0,"parent":0,"menu_order":0,"comment_status":"closed","ping_status":"closed","template":"","meta":{"_surecart_dashboard_logo_width":"180px","_surecart_dashboard_show_logo":true,"_surecart_dashboard_navigation_orders":true,"_surecart_dashboard_navigation_invoices":true,"_surecart_dashboard_navigation_subscriptions":true,"_surecart_dashboard_navigation_downloads":true,"_surecart_dashboard_navigation_billing":true,"_surecart_dashboard_navigation_account":true,"_kad_post_transparent":"","_kad_post_title":"hide","_kad_post_layout":"fullwidth","_kad_post_sidebar_id":"","_kad_post_content_style":"unboxed","_kad_post_vertical_padding":"hide","_kad_post_feature":"hide","_kad_post_feature_position":"","_kad_post_header":true,"_kad_post_footer":true,"_kad_post_classname":"","footnotes":""},"class_list":["post-13","page","type-page","status-publish","hentry"],"_links":{"self":[{"href":"https:\/\/boutique.grandiravecmixi.fr\/index.php?rest_route=\/wp\/v2\/pages\/13","targetHints":{"allow":["GET"]}}],"collection":[{"href":"https:\/\/boutique.grandiravecmixi.fr\/index.php?rest_route=\/wp\/v2\/pages"}],"about":[{"href":"https:\/\/boutique.grandiravecmixi.fr\/index.php?rest_route=\/wp\/v2\/types\/page"}],"author":[{"embeddable":true,"href":"https:\/\/boutique.grandiravecmixi.fr\/index.php?rest_route=\/wp\/v2\/users\/1"}],"replies":[{"embeddable":true,"href":"https:\/\/boutique.grandiravecmixi.fr\/index.php?rest_route=%2Fwp%2Fv2%2Fcomments&post=13"}],"version-history":[{"count":62,"href":"https:\/\/boutique.grandiravecmixi.fr\/index.php?rest_route=\/wp\/v2\/pages\/13\/revisions"}],"predecessor-version":[{"id":103,"href":"https:\/\/boutique.grandiravecmixi.fr\/index.php?rest_route=\/wp\/v2\/pages\/13\/revisions\/103"}],"wp:attachment":[{"href":"https:\/\/boutique.grandiravecmixi.fr\/index.php?rest_route=%2Fwp%2Fv2%2Fmedia&parent=13"}],"curies":[{"name":"wp","href":"https:\/\/api.w.org\/{rel}","templated":true}]}}